{"id":11,"date":"2023-06-28T12:29:44","date_gmt":"2023-06-28T12:29:44","guid":{"rendered":"https:\/\/www.mrpyco.sk\/?page_id=11"},"modified":"2024-03-12T14:01:32","modified_gmt":"2024-03-12T14:01:32","slug":"domov","status":"publish","type":"page","link":"https:\/\/www.mrpyco.sk\/en\/","title":{"rendered":"Home"},"content":{"rendered":"","protected":false},"excerpt":{"rendered":"<p>Martin PYCO Rausch &#8211; foodblog. Videorecepty, n\u00e1pady, in\u0161pir\u00e1cie, kuch\u00e1rske knihy. TREBA SI VARI\u0164!<\/p>","protected":false},"author":1,"featured_media":1135,"parent":0,"menu_order":0,"comment_status":"closed","ping_status":"closed","template":"","meta":{"_acf_changed":false,"footnotes":""},"class_list":["post-11","page","type-page","status-publish","has-post-thumbnail","hentry"],"acf":[],"_links":{"self":[{"href":"https:\/\/www.mrpyco.sk\/en\/wp-json\/wp\/v2\/pages\/11","targetHints":{"allow":["GET"]}}],"collection":[{"href":"https:\/\/www.mrpyco.sk\/en\/wp-json\/wp\/v2\/pages"}],"about":[{"href":"https:\/\/www.mrpyco.sk\/en\/wp-json\/wp\/v2\/types\/page"}],"author":[{"embeddable":true,"href":"https:\/\/www.mrpyco.sk\/en\/wp-json\/wp\/v2\/users\/1"}],"replies":[{"embeddable":true,"href":"https:\/\/www.mrpyco.sk\/en\/wp-json\/wp\/v2\/comments?post=11"}],"version-history":[{"count":56,"href":"https:\/\/www.mrpyco.sk\/en\/wp-json\/wp\/v2\/pages\/11\/revisions"}],"predecessor-version":[{"id":1219,"href":"https:\/\/www.mrpyco.sk\/en\/wp-json\/wp\/v2\/pages\/11\/revisions\/1219"}],"wp:featuredmedia":[{"embeddable":true,"href":"https:\/\/www.mrpyco.sk\/en\/wp-json\/wp\/v2\/media\/1135"}],"wp:attachment":[{"href":"https:\/\/www.mrpyco.sk\/en\/wp-json\/wp\/v2\/media?parent=11"}],"curies":[{"name":"wp","href":"https:\/\/api.w.org\/{rel}","templated":true}]}}