{"id":9,"date":"2023-06-28T12:29:31","date_gmt":"2023-06-28T12:29:31","guid":{"rendered":"https:\/\/www.mrpyco.sk\/?page_id=9"},"modified":"2024-03-12T14:01:44","modified_gmt":"2024-03-12T14:01:44","slug":"gdpr","status":"publish","type":"page","link":"https:\/\/www.mrpyco.sk\/en\/gdpr\/","title":{"rendered":"GDPR"},"content":{"rendered":"<p>PYCO s.r.o., Vy\u0161ehradsk\u00e1 11, Bratislava 85106, mrpyco@gmail.com, ako prev\u00e1dzkovate\u013e osobn\u00fdch \u00fadajov, v s\u00falade s Nariaden\u00edm EUR\u00d3PSKEHO PARLAMENTU A RADY (E\u00da) 2016\/679 z 27.04.2016 o ochrane fyzick\u00fdch os\u00f4b pri sprac\u00favan\u00ed osobn\u00fdch \u00fadajov a o vo\u013enom pohybe tak\u00fdchto \u00fadajov, ktor\u00fdm sa zru\u0161uje smernica 95\/46\/ES (\u201eNariadenie\u201c) a z\u00e1konom \u010d. 18\/2018 Z.z. o ochrane osobn\u00fdch \u00fadajov, t\u00fdmto informuje dotknut\u00fa osobu, \u017ee jej osobn\u00e9 \u00fadaje (\u201eO\u00da\u201c) bud\u00fa spracovan\u00e9 prev\u00e1dzkovate\u013eom za \u00fa\u010delom:<\/p>\n\n\n\n<ol class=\"wp-block-list\">\n<li>Na prieskum trhu podnikate\u013esk\u00e9ho z\u00e1meru prev\u00e1dzkovate\u013ea \u2013 pr\u00e1vny z\u00e1klad spracovania O\u00da je s\u00fahlas (\u010dl. 6 ods. 1 p\u00edsm. a) Nariadenia), poskytnutie O\u00da na tento \u00fa\u010del a pr\u00e1vny z\u00e1klad sprac\u00favania je dobrovo\u013en\u00fd, na z\u00e1klade vopred udelen\u00e9ho s\u00fahlasu zo strany dotknutej osoby.<\/li>\n\n\n\n<li>Na posielanie marketingov\u00fdch emailov, na z\u00e1klade vopred udelen\u00e9ho s\u00fahlasu zo strany dotknutej osoby.<\/li>\n<\/ol>\n\n\n\n<p>N\u00e1sledkom neudelenia s\u00fahlasu a neposkytnutia O\u00da je nemo\u017enos\u0165 z\u00fa\u010dastni\u0165 sa prieskumu trhu podnikate\u013esk\u00e9ho z\u00e1meru prev\u00e1dzkovate\u013ea a nemo\u017enos\u0165 zasla\u0165 predbe\u017en\u00fa objedn\u00e1vku na slu\u017eby\/ tovar prev\u00e1dzkovate\u013ea. O\u00da nebud\u00fa poskytnut\u00e9 \u017eiadnym pr\u00edjemcom, ani tret\u00edm stran\u00e1m.<\/p>\n\n\n\n<p><strong>Dotknut\u00e1 osoba m\u00e1 pr\u00e1vo vo\u010di prev\u00e1dzkovate\u013eovi:<\/strong><\/p>\n\n\n\n<ul class=\"wp-block-list\">\n<li>na pr\u00edstup k O\u00da,<\/li>\n\n\n\n<li>na opravu alebo vymazanie, alebo obmedzenie sprac\u00favania O\u00da,<\/li>\n\n\n\n<li>namieta\u0165 proti sprac\u00favaniu O\u00da,<\/li>\n\n\n\n<li>na prenosnos\u0165 O\u00da,<\/li>\n\n\n\n<li>kedyko\u013evek udelen\u00fd s\u00fahlas odvola\u0165 bez toho, aby to malo vplyv na z\u00e1konnos\u0165 sprac\u00favania zalo\u017eenom na s\u00fahlase udelenom pred jeho odvolan\u00edm, a to informovan\u00edm prev\u00e1dzkovate\u013ea ktor\u00fdmko\u013evek sp\u00f4sobom z ni\u017e\u0161ie uveden\u00fdch:\n<ul class=\"wp-block-list\">\n<li>Adresa pre po\u0161tov\u00fd styk: PYCO s.r.o., Vy\u0161ehradsk\u00e1 11, Bratislava 85106,<\/li>\n\n\n\n<li>E-mail: mrpyco@gmail.com<\/li>\n<\/ul>\n<\/li>\n\n\n\n<li>poda\u0165 s\u0165a\u017enos\u0165 dozorn\u00e9mu org\u00e1nu (\u00darad na ochranu osobn\u00fdch \u00fadajov SR, Hrani\u010dn\u00e1 4826\/12, 820 07 Bratislava 27, telef\u00f3n: +421\/2\/3231 3214, e-mail: statny.dozor@pdp.gov.sk).<\/li>\n<\/ul>\n\n\n\n<p>Osobn\u00e9 \u00fadaje bud\u00fa uchovan\u00e9 po dobu trvania prieskumu trhu podnikate\u013esk\u00e9ho z\u00e1meru prev\u00e1dzkovate\u013ea alebo do odvolania s\u00fahlasu, pod\u013ea toho, \u010do nastane sk\u00f4r.<\/p>","protected":false},"excerpt":{"rendered":"<p>PYCO s.r.o., Vy\u0161ehradsk\u00e1 11, Bratislava 85106, mrpyco@gmail.com, ako prev\u00e1dzkovate\u013e osobn\u00fdch \u00fadajov, v s\u00falade s Nariaden\u00edm EUR\u00d3PSKEHO PARLAMENTU A RADY (E\u00da) 2016\/679 z 27.04.2016 o ochrane fyzick\u00fdch os\u00f4b pri sprac\u00favan\u00ed osobn\u00fdch \u00fadajov a o vo\u013enom pohybe tak\u00fdchto \u00fadajov, ktor\u00fdm sa zru\u0161uje smernica 95\/46\/ES (\u201eNariadenie\u201c) a z\u00e1konom \u010d. 18\/2018 Z.z. o ochrane osobn\u00fdch \u00fadajov, t\u00fdmto informuje dotknut\u00fa [&hellip;]<\/p>","protected":false},"author":1,"featured_media":0,"parent":0,"menu_order":0,"comment_status":"closed","ping_status":"closed","template":"","meta":{"_acf_changed":false,"footnotes":""},"class_list":["post-9","page","type-page","status-publish","hentry"],"acf":[],"_links":{"self":[{"href":"https:\/\/www.mrpyco.sk\/en\/wp-json\/wp\/v2\/pages\/9","targetHints":{"allow":["GET"]}}],"collection":[{"href":"https:\/\/www.mrpyco.sk\/en\/wp-json\/wp\/v2\/pages"}],"about":[{"href":"https:\/\/www.mrpyco.sk\/en\/wp-json\/wp\/v2\/types\/page"}],"author":[{"embeddable":true,"href":"https:\/\/www.mrpyco.sk\/en\/wp-json\/wp\/v2\/users\/1"}],"replies":[{"embeddable":true,"href":"https:\/\/www.mrpyco.sk\/en\/wp-json\/wp\/v2\/comments?post=9"}],"version-history":[{"count":1,"href":"https:\/\/www.mrpyco.sk\/en\/wp-json\/wp\/v2\/pages\/9\/revisions"}],"predecessor-version":[{"id":1229,"href":"https:\/\/www.mrpyco.sk\/en\/wp-json\/wp\/v2\/pages\/9\/revisions\/1229"}],"wp:attachment":[{"href":"https:\/\/www.mrpyco.sk\/en\/wp-json\/wp\/v2\/media?parent=9"}],"curies":[{"name":"wp","href":"https:\/\/api.w.org\/{rel}","templated":true}]}}